





{"id":708,"date":"2022-09-19T15:16:09","date_gmt":"2022-09-19T19:16:09","guid":{"rendered":"http:\/\/localhost\/ARV2\/?page_id=708"},"modified":"2026-01-30T09:34:33","modified_gmt":"2026-01-30T14:34:33","slug":"absolute-results-fr","status":"publish","type":"page","link":"https:\/\/ww2.absoluteresults.com\/fr\/","title":{"rendered":"Absolute Results &#8211; FR"},"content":{"rendered":"<section id=\"InnerBanner\" class=\"page-sub-inner-header\">\n    <div class=\"ar-bg\" style=\"background-image: url('');\">\n        <div class=\"container\" id=\"banner-container\">\n           <div class=\"banner-area\">\n                <div class=\"unleash-bg\">\n                    <img src=\"https:\/\/ww2.absoluteresults.com\/wp-content\/themes\/absoluteresults\/assets\/images\/inner-Black-bar.png\">\n                <\/div>\n                <div class=\"banner-cont\">\n                    <h1>Unleash <br\/>Your<br\/> POTENTIAL<\/h1>\n                                        <div class=\"banner-button\">\n                       <a href=\"\/\">\n                       <span class=\"circle\"><span class=\"fa fa-fw fa-play\"><\/span><\/span>\n                        <span class=\"button-text\">Watch The Video<\/span>\n                        <\/a>\n                    <\/div>\n                                    <\/div>\n            <\/div>\n            <!-- <div class=\"arrow-down\"><a href=\"#ConsultingSection\" class=\"page-scroller\"><i class=\"fa fa-fw fa-arrow-down-long\"><\/i><\/a><\/div> -->\n            \n        <\/div>\n    <\/div>\n<\/section>\n\n\n<section id=\"experiences-block\" class=\"inner experiences\">\n    <div class=\"container\">\n       <div class=\"experiences-block\">\n        <div class=\"experiences-content col-6\">\n            <div class=\"experiences-sub-header inner-sub-header\"><img src=\"https:\/\/ww2.absoluteresults.com\/wp-content\/uploads\/2023\/03\/experiences-logo-fblack.png\" \/><span>EXP\u00c9RIENCES <br\/>ABSOLUTE RESULTS<\/span><div class=\"clr\"><\/div><\/div>\n            <div class=\"experiences-header\"><h2>LIB\u00c9REZ LE POTENTIEL<br\/> DE VOS \u00c9V\u00c9NEMENTS DE VENTE<\/h2><\/div>\n            <div class=\"block-desc\"><p><p>Formation. Technologie. Marketing. Nous int\u00e9grons tout cela dans nos exp\u00e9riences de classe mondiale sp\u00e9cialis\u00e9es sur les rendez-vous, ce qui permet \u00e0 votre \u00e9quipe de pulv\u00e9riser les records de vente. Les concessionnaires peuvent s\u2019attendre \u00e0 vendre l\u2019\u00e9quivalent de deux semaines en UNE SEULE JOURN\u00c9E.<\/p>\n<p>Il ne s\u2019agit pas uniquement d\u2019avoir plus de prospects; il s\u2019agit d\u2019engager les clients que vous avez d\u00e9j\u00e0 dans votre portefeuille et de d\u00e9montrer la valeur de la Culture du Rendez-Vous \u00e0 votre \u00e9quipe pour vous assurer que les conversations se transforment en ventes.<\/p>\n<p>Nous l\u2019avons d\u00e9j\u00e0 fait dans 28 pays avec plus de 9 000 concessionnaires, nous donnant un total de PR\u00c8S D\u2019UN MILLION DE V\u00c9HICULES VENDUS.<\/p>\n<\/p><\/div>\n            <div class=\"experiences-button button-effect\"> \n                <a href=\"\/experiences\/\">\n                   <span class=\"circle\"><span class=\"fa fa-fw fa-arrow-right\"><\/span><\/span>\n                    <span class=\"button-text\">En savoir plus<\/span>\n                <\/a>\n\n            <\/div>\n        <\/div>\n        <div class=\"experiences-image col-7\">\n            <div class=\"exp-img1\"><img src=\"https:\/\/ww2.absoluteresults.com\/wp-content\/uploads\/2022\/08\/sales-event-2.png\" alt=\"\" \/><\/div>\n            <div class=\"exp-img2\">\n                <img src=\"https:\/\/ww2.absoluteresults.com\/wp-content\/uploads\/2022\/08\/sales-event-1.png\" alt=\"\" \/>\n            <\/div>\n            <div class=\"exp-img3\">\n                <img src=\"https:\/\/ww2.absoluteresults.com\/wp-content\/uploads\/2022\/08\/sales-event-3.png\" alt=\"\" \/>\n            <\/div>\n        <\/div>\n        <div class=\"experiences-image-bg col-12\"><img src=\"https:\/\/ww2.absoluteresults.com\/wp-content\/uploads\/2022\/07\/experience-img4.png\" alt=\"\" \/><\/div>\n        <\/div>\n    <\/div>\n<\/section>\n\n<section id=\"leadership-block_62c5b7d207359\" class=\"inner leadership\">\n    <div class=\"container\">\n      <div class=\"leadership-image-bg\">\n          <img src=\"https:\/\/ww2.absoluteresults.com\/wp-content\/uploads\/2022\/08\/sales-team-1-edited.png\" alt=\"\" \/>\n      <\/div>\n       <div class=\"leadership-block\">\n        <div class=\"leadership-content\">\n            <div class=\"leadership-sub-header\"><img src=\"https:\/\/ww2.absoluteresults.com\/wp-content\/uploads\/2022\/07\/leadership-logo.png\" \/><span>LEADERSHIP <br\/>ABSOLUTE RESULTS<\/span><div class=\"clr\"><\/div><\/div>\n            <div class=\"leadership-header\"><h2>LIB\u00c9REZ LE POTENTIEL DE VOTRE \u00c9QUIPE DE VENTE<\/h2><\/div>\n            <div class=\"block-desc\"><p><p>Vous avez peut-\u00eatre d\u00e9j\u00e0 entendu cette histoire auparavant\u2026<\/p>\n<p><b>Un PDG demande \u00e0 un autre PDG:<\/b> \u00ab Qu\u2019est-ce qui se passe si nous investissons dans le d\u00e9veloppement de notre personnel et s\u2019il nous quitte ? \u00bb<\/p>\n<p><b>CEO:<\/b> \u00ab Qu\u2019est-ce qui se passe si nous ne le faisons pas, et s\u2019il reste avec nous ? \u00bb<\/p>\n<p>En moyenne, la rotation du personnel chez les concessionnaires est de 67 % par ann\u00e9e<sup>1<\/sup>. Investir dans votre \u00e9quipe afin de d\u00e9velopper leurs comp\u00e9tences et d\u2019am\u00e9liorer leurs performances contribue de mani\u00e8re d\u00e9cisive \u00e0 une excellente exp\u00e9rience client ainsi qu\u2019\u00e0 la fid\u00e9lisation de la client\u00e8le. Notre d\u00e9partement de formation exceptionnelle travaille coude \u00e0 coude avec toute votre \u00e9quipe, des directeurs au nouveau personnel de vente, pour qu\u2019ils puissent atteindre tous leurs objectifs, tant professionnels que de vente.<\/p>\n<div class=\"row\">\n<div class=\"col-md-6\"><a href=\"https:\/\/absoluteresults.fr\"><img loading=\"lazy\" class=\"alignnone  wp-image-2081\" src=\"http:\/\/absoluteresults.com\/wp-content\/uploads\/2025\/05\/LOGO-QUALIOPI-A-UTILISER-3-300x183.jpg\" alt=\"\" width=\"226\" height=\"138\" srcset=\"https:\/\/ww2.absoluteresults.com\/wp-content\/uploads\/2025\/05\/LOGO-QUALIOPI-A-UTILISER-3-300x183.jpg 300w, https:\/\/ww2.absoluteresults.com\/wp-content\/uploads\/2025\/05\/LOGO-QUALIOPI-A-UTILISER-3.jpg 473w\" sizes=\"(max-width: 226px) 100vw, 226px\" \/><\/a><\/div>\n<div class=\"col-md-6\">\n<div style=\"display: block; padding: 20px 0;\">Le certificat Qualiopi d&rsquo;Absolute Results est <a href=\"http:\/\/absoluteresults.com\/wp-content\/uploads\/2025\/04\/Certificat-Qualiopi.pdf\" target=\"_blank\" rel=\"noopener\">t\u00e9l\u00e9chargeable ici<\/a>.<\/div>\n<\/div>\n<\/div>\n<div style=\"font-size: 11px !important;\"><sup>1<\/sup> \u00c9tude sur la main d\u2019oeuvre des concessionnaires NADA 2021<\/div>\n<\/p><\/div>\n            <div class=\"leadership-button button-effect\"> \n                <a href=\"\/\">\n                   <span class=\"circle\"><span class=\"fa fa-fw fa-arrow-right\"><\/span><\/span>\n                    <span class=\"button-text\">Learn More<\/span>\n                <\/a>\n\n            <\/div>\n        <\/div>\n        <\/div>\n    <\/div>\n<\/section>\n\n<section id=\"ConsultingSection\" class=\"inner consulting\">\n    <div class=\"container\">\n        <div class=\"consulting-image-bg\"><img src=\"https:\/\/ww2.absoluteresults.com\/wp-content\/uploads\/2022\/08\/consulting-3-edited.png\" alt=\"\" \/><\/div>\n       <div class=\"consulting-block\">\n        <div class=\"consulting-content\">\n            <div class=\"consulting-sub-header\"><img src=\"https:\/\/ww2.absoluteresults.com\/wp-content\/uploads\/2022\/07\/ar-consulting-mini-logo.png\" \/><span>EXPERTISE-CONSEIL <br\/>ABSOLUTE RESULTS<\/span><div class=\"clr\"><\/div><\/div>\n            <div class=\"consulting-header\"><h2>LIB\u00c9REZ LE <br\/>POTENTIEL DE <br\/>VOTRE R\u00c9SEAU DE<br\/> CONCESSIONNAIRES <\/h2><\/div>\n            <div class=\"block-desc\"><p><p>Notre \u00e9quipe de conseillers travaillent c\u00f4te \u00e0 c\u00f4te avec les groupes de concessionnaires, les distributeurs et les OEM pour les aider \u00e0 mieux comprendre leurs portefeuilles clients. Nous avons les outils, l\u2019exp\u00e9rience et les m\u00e9thodes \u00e9prouv\u00e9es pour que votre entreprise fasse un pas de g\u00e9ant dans la gestion du portefeuille client.<\/p>\n<p>Nous nous retroussons les manches pour nous impliquer au maximum avec votre \u00e9quipe et pour vous aider \u00e0 mettre en place des solutions qui vous permettront d\u2019affronter l\u2019avenir avec s\u00e9r\u00e9nit\u00e9.<\/p>\n<\/p><\/div>\n            <div class=\"consulting-button button-effect\"> \n                <a href=\"\/\">\n                   <span class=\"circle\"><span class=\"fa fa-fw fa-arrow-right\"><\/span><\/span>\n                    <span class=\"button-text\">Learn More<\/span>\n                <\/a>\n\n            <\/div>\n        <\/div>\n        <\/div>\n    <\/div>\n<\/section>\n\n<section id=\"engagement-block_62c61337f26e5\" class=\"inner engagement\">\n    <div class=\"container\">\n       <div class=\"engagement-block\">\n        <div class=\"engagement-content\">\n            <div class=\"engagement-sub-header\"><img src=\"https:\/\/ww2.absoluteresults.com\/wp-content\/uploads\/2022\/07\/engagement-logo.png\" \/><span>ENGAGEMENT <br\/>ABSOLUTE RESULTS<\/span><div class=\"clr\"><\/div><\/div>\n            <div class=\"engagement-header\"><h2>LIB\u00c9REZ LE POTENTIEL DE VOTRE PORTEFEUILLE CLIENT<\/h2><\/div>\n            <div class=\"block-desc\"><p><p>Toutes les bonnes relations commencent par une conversation. Notre expertise consiste \u00e0 vous aider \u00e0 entamer une conversation avec les clients de votre portefeuille. Notre plateforme technologique de pointe combine les bonnes donn\u00e9es avec le bon message, d\u00e9livr\u00e9 au bon moment. Vous augmenterez la satisfaction et la fid\u00e9lit\u00e9 de plus en plus de clients.  <\/p>\n<\/p><\/div>\n            <div class=\"engagement-button button-effect\"> \n                <a href=\"\/\">\n                   <span class=\"circle\"><span class=\"fa fa-fw fa-arrow-right\"><\/span><\/span>\n                    <span class=\"button-text\">Learn More<\/span>\n                <\/a>\n\n            <\/div>\n        <\/div>\n        <\/div>\n        <div class=\"engagement-image-bg\"><img src=\"https:\/\/ww2.absoluteresults.com\/wp-content\/uploads\/2022\/08\/absolute-engagement-french.png\" alt=\"\" \/><\/div>\n    <\/div>\n<\/section>\n\n<section id=\"team-block_62c5f99655baf\" class=\"inner team\">\n    <div class=\"container\">\n       <div class=\"team-block\">\n        <div class=\"team-content\">\n            <div class=\"team-sub-header\" style=\"display:none\"><img src=\"\" \/><span><\/span><div class=\"clr\"><\/div><\/div>\n            <div class=\"team-header\"><h2>LIB\u00c9REZ <br\/>VOTRE <br\/>POTENTIEL<br\/> INT\u00c9RIEUR<\/h2><\/div>\n            <div class=\"block-desc\"><p>Miser sur la bonne \u00e9quipe, vive d\u2019esprit : notre d\u00e9partement de marketing, nos ing\u00e9nieurs, nos concepteurs, nos penseurs sont tous des gens ouverts et entreprenants. Nous recherchons constamment de nouveaux talents pour rejoindre notre \u00e9quipe.<\/p>\n<p>Nous sommes en pleine expansion !<\/p>\n<\/div>\n            <div class=\"team-button button-effect2\"> \n                <a href=\"\/fr\/people-and-culture#CurrentPosition\">\n                    <span>We\u2019re growing!<\/span>\n                <\/a>\n\n            <\/div>\n        <\/div>\n        <div class=\"team-image-bg\"><img src=\"https:\/\/ww2.absoluteresults.com\/wp-content\/uploads\/2022\/07\/join-our-team-bg2.png\" alt=\"\" \/><\/div>\n        <\/div>\n    <\/div>\n<\/section>\n\n<section id=\"generosity-block_62c5ee21344c8\" class=\"inner generosity\" style=\"background-image: url('https:\/\/ww2.absoluteresults.com\/wp-content\/uploads\/2022\/07\/generosity-img-scaled.jpg');\">\n    <div class=\"container\">\n       <div class=\"generosity-block\">\n        <div class=\"generosity-content\">\n            <div class=\"generosity-sub-header\"><img src=\"https:\/\/ww2.absoluteresults.com\/wp-content\/uploads\/2022\/07\/generosity-logo.png\" \/><span>G\u00c9N\u00c9ROSIT\u00c9<br\/> ABSOLUTE RESULTS<\/span><div class=\"clr\"><\/div><\/div>\n            <div class=\"generosity-header\"><h2>NOTRE D\u00c9SIR DE CR\u00c9ER UN MONDE MEILLEUR<\/h2><\/div>\n            <div class=\"block-desc\"><p>Nous collaborons avec des organisations qui travaillent pour changer le monde; nous y consacrons g\u00e9n\u00e9reusement du temps et des ressources financi\u00e8res. Cette implication constitue la base de notre d\u00e9veloppement personnel, elle nous permet de nous \u00e9panouir et renforce notre engagement envers un monde o\u00f9 toutes les personnes, quelles qu\u2019elles soient et quels que soient leurs r\u00eaves, m\u00e9ritent la chance de d\u00e9velopper leur plein potentiel. <\/p>\n<\/div>\n            <div class=\"generosity-button button-effect\"> \n                <a href=\"\/\">\n                   <span class=\"circle\"><span class=\"fa fa-fw fa-arrow-right\"><\/span><\/span>\n                    <span class=\"button-text\">Learn More<\/span>\n                <\/a>\n\n            <\/div>\n        <\/div>\n        <\/div>\n    <\/div>\n<\/section>","protected":false},"excerpt":{"rendered":"","protected":false},"author":1,"featured_media":0,"parent":0,"menu_order":0,"comment_status":"closed","ping_status":"closed","template":"page-full.php","meta":{"kt_blocks_editor_width":""},"yoast_head":"<!-- This site is optimized with the Yoast SEO plugin v19.1 - https:\/\/yoast.com\/wordpress\/plugins\/seo\/ -->\n<title>Absolute Results - FR - Absolute Results<\/title>\n<meta name=\"robots\" content=\"index, follow, max-snippet:-1, max-image-preview:large, max-video-preview:-1\" \/>\n<link rel=\"canonical\" href=\"https:\/\/ww2.absoluteresults.com\/fr\/\" \/>\n<meta property=\"og:locale\" content=\"fr_FR\" \/>\n<meta property=\"og:type\" content=\"article\" \/>\n<meta property=\"og:title\" content=\"Absolute Results - FR - Absolute Results\" \/>\n<meta property=\"og:url\" content=\"https:\/\/ww2.absoluteresults.com\/fr\/\" \/>\n<meta property=\"og:site_name\" content=\"Absolute Results\" \/>\n<meta property=\"article:publisher\" content=\"https:\/\/www.facebook.com\/HelloAbsoluteResults\/\" \/>\n<meta property=\"article:modified_time\" content=\"2026-01-30T14:34:33+00:00\" \/>\n<meta name=\"twitter:card\" content=\"summary_large_image\" \/>\n<script type=\"application\/ld+json\" class=\"yoast-schema-graph\">{\"@context\":\"https:\/\/schema.org\",\"@graph\":[{\"@type\":\"Organization\",\"@id\":\"http:\/\/172.26.4.15\/#organization\",\"name\":\"Absolute Results\",\"url\":\"http:\/\/172.26.4.15\/\",\"sameAs\":[\"https:\/\/www.linkedin.com\/company\/helloabsoluteresults\/mycompany\/verification\/\",\"https:\/\/www.facebook.com\/HelloAbsoluteResults\/\"],\"logo\":{\"@type\":\"ImageObject\",\"inLanguage\":\"fr-FR\",\"@id\":\"http:\/\/172.26.4.15\/#\/schema\/logo\/image\/\",\"url\":\"http:\/\/172.26.4.15\/wp-content\/uploads\/2022\/07\/logo.png\",\"contentUrl\":\"http:\/\/172.26.4.15\/wp-content\/uploads\/2022\/07\/logo.png\",\"width\":190,\"height\":60,\"caption\":\"Absolute Results\"},\"image\":{\"@id\":\"http:\/\/172.26.4.15\/#\/schema\/logo\/image\/\"}},{\"@type\":\"WebSite\",\"@id\":\"http:\/\/172.26.4.15\/#website\",\"url\":\"http:\/\/172.26.4.15\/\",\"name\":\"Absolute Results\",\"description\":\"Helping Dealers Sell Cars Today and Tomorrow!\",\"publisher\":{\"@id\":\"http:\/\/172.26.4.15\/#organization\"},\"potentialAction\":[{\"@type\":\"SearchAction\",\"target\":{\"@type\":\"EntryPoint\",\"urlTemplate\":\"http:\/\/172.26.4.15\/?s={search_term_string}\"},\"query-input\":\"required name=search_term_string\"}],\"inLanguage\":\"fr-FR\"},{\"@type\":\"WebPage\",\"@id\":\"https:\/\/ww2.absoluteresults.com\/fr\/#webpage\",\"url\":\"https:\/\/ww2.absoluteresults.com\/fr\/\",\"name\":\"Absolute Results - FR - Absolute Results\",\"isPartOf\":{\"@id\":\"http:\/\/172.26.4.15\/#website\"},\"datePublished\":\"2022-09-19T19:16:09+00:00\",\"dateModified\":\"2026-01-30T14:34:33+00:00\",\"breadcrumb\":{\"@id\":\"https:\/\/ww2.absoluteresults.com\/fr\/#breadcrumb\"},\"inLanguage\":\"fr-FR\",\"potentialAction\":[{\"@type\":\"ReadAction\",\"target\":[\"https:\/\/ww2.absoluteresults.com\/fr\/\"]}]},{\"@type\":\"BreadcrumbList\",\"@id\":\"https:\/\/ww2.absoluteresults.com\/fr\/#breadcrumb\",\"itemListElement\":[{\"@type\":\"ListItem\",\"position\":1,\"name\":\"Home\",\"item\":\"https:\/\/ww2.absoluteresults.com\/fr\/\"},{\"@type\":\"ListItem\",\"position\":2,\"name\":\"Absolute Results &#8211; FR\"}]}]}<\/script>\n<!-- \/ Yoast SEO plugin. -->","yoast_head_json":{"title":"Absolute Results - FR - Absolute Results","robots":{"index":"index","follow":"follow","max-snippet":"max-snippet:-1","max-image-preview":"max-image-preview:large","max-video-preview":"max-video-preview:-1"},"canonical":"https:\/\/ww2.absoluteresults.com\/fr\/","og_locale":"fr_FR","og_type":"article","og_title":"Absolute Results - FR - Absolute Results","og_url":"https:\/\/ww2.absoluteresults.com\/fr\/","og_site_name":"Absolute Results","article_publisher":"https:\/\/www.facebook.com\/HelloAbsoluteResults\/","article_modified_time":"2026-01-30T14:34:33+00:00","twitter_card":"summary_large_image","schema":{"@context":"https:\/\/schema.org","@graph":[{"@type":"Organization","@id":"http:\/\/172.26.4.15\/#organization","name":"Absolute Results","url":"http:\/\/172.26.4.15\/","sameAs":["https:\/\/www.linkedin.com\/company\/helloabsoluteresults\/mycompany\/verification\/","https:\/\/www.facebook.com\/HelloAbsoluteResults\/"],"logo":{"@type":"ImageObject","inLanguage":"fr-FR","@id":"http:\/\/172.26.4.15\/#\/schema\/logo\/image\/","url":"http:\/\/172.26.4.15\/wp-content\/uploads\/2022\/07\/logo.png","contentUrl":"http:\/\/172.26.4.15\/wp-content\/uploads\/2022\/07\/logo.png","width":190,"height":60,"caption":"Absolute Results"},"image":{"@id":"http:\/\/172.26.4.15\/#\/schema\/logo\/image\/"}},{"@type":"WebSite","@id":"http:\/\/172.26.4.15\/#website","url":"http:\/\/172.26.4.15\/","name":"Absolute Results","description":"Helping Dealers Sell Cars Today and Tomorrow!","publisher":{"@id":"http:\/\/172.26.4.15\/#organization"},"potentialAction":[{"@type":"SearchAction","target":{"@type":"EntryPoint","urlTemplate":"http:\/\/172.26.4.15\/?s={search_term_string}"},"query-input":"required name=search_term_string"}],"inLanguage":"fr-FR"},{"@type":"WebPage","@id":"https:\/\/ww2.absoluteresults.com\/fr\/#webpage","url":"https:\/\/ww2.absoluteresults.com\/fr\/","name":"Absolute Results - FR - Absolute Results","isPartOf":{"@id":"http:\/\/172.26.4.15\/#website"},"datePublished":"2022-09-19T19:16:09+00:00","dateModified":"2026-01-30T14:34:33+00:00","breadcrumb":{"@id":"https:\/\/ww2.absoluteresults.com\/fr\/#breadcrumb"},"inLanguage":"fr-FR","potentialAction":[{"@type":"ReadAction","target":["https:\/\/ww2.absoluteresults.com\/fr\/"]}]},{"@type":"BreadcrumbList","@id":"https:\/\/ww2.absoluteresults.com\/fr\/#breadcrumb","itemListElement":[{"@type":"ListItem","position":1,"name":"Home","item":"https:\/\/ww2.absoluteresults.com\/fr\/"},{"@type":"ListItem","position":2,"name":"Absolute Results &#8211; FR"}]}]}},"_links":{"self":[{"href":"https:\/\/ww2.absoluteresults.com\/fr\/wp-json\/wp\/v2\/pages\/708"}],"collection":[{"href":"https:\/\/ww2.absoluteresults.com\/fr\/wp-json\/wp\/v2\/pages"}],"about":[{"href":"https:\/\/ww2.absoluteresults.com\/fr\/wp-json\/wp\/v2\/types\/page"}],"author":[{"embeddable":true,"href":"https:\/\/ww2.absoluteresults.com\/fr\/wp-json\/wp\/v2\/users\/1"}],"replies":[{"embeddable":true,"href":"https:\/\/ww2.absoluteresults.com\/fr\/wp-json\/wp\/v2\/comments?post=708"}],"version-history":[{"count":56,"href":"https:\/\/ww2.absoluteresults.com\/fr\/wp-json\/wp\/v2\/pages\/708\/revisions"}],"predecessor-version":[{"id":2125,"href":"https:\/\/ww2.absoluteresults.com\/fr\/wp-json\/wp\/v2\/pages\/708\/revisions\/2125"}],"wp:attachment":[{"href":"https:\/\/ww2.absoluteresults.com\/fr\/wp-json\/wp\/v2\/media?parent=708"}],"curies":[{"name":"wp","href":"https:\/\/api.w.org\/{rel}","templated":true}]}}